{"id":282,"date":"2024-09-25T02:14:30","date_gmt":"2024-09-25T00:14:30","guid":{"rendered":"https:\/\/www.vipret.cl\/web\/?page_id=282"},"modified":"2024-11-20T14:04:57","modified_gmt":"2024-11-20T17:04:57","slug":"servicios-de-ingenieria","status":"publish","type":"page","link":"https:\/\/www.vipret.cl\/web\/servicios\/servicios-de-ingenieria\/","title":{"rendered":"Servicios de Ingenier\u00eda"},"content":{"rendered":"\t\t<div data-elementor-type=\"wp-page\" data-elementor-id=\"282\" class=\"elementor elementor-282\">\n\t\t\t\t<div class=\"elementor-element elementor-element-6139b5a e-con-full e-flex e-con e-parent\" data-id=\"6139b5a\" data-element_type=\"container\" data-settings=\"{&quot;background_background&quot;:&quot;classic&quot;}\">\n\t\t<div class=\"elementor-element elementor-element-454ee8a e-flex e-con-boxed e-con e-child\" data-id=\"454ee8a\" data-element_type=\"container\">\n\t\t\t\t\t<div class=\"e-con-inner\">\n\t\t<div class=\"elementor-element elementor-element-8c43fe1 e-con-full e-flex e-con e-child\" data-id=\"8c43fe1\" data-element_type=\"container\">\n\t\t\t\t<div class=\"elementor-element elementor-element-b591425 elementor-widget elementor-widget-heading\" data-id=\"b591425\" data-element_type=\"widget\" data-widget_type=\"heading.default\">\n\t\t\t\t<div class=\"elementor-widget-container\">\n\t\t\t\t\t<h1 class=\"elementor-heading-title elementor-size-default\">Servicios de Ingenier\u00eda<\/h1>\t\t\t\t<\/div>\n\t\t\t\t<\/div>\n\t\t\t\t<div class=\"elementor-element elementor-element-6d0fa2f elementor-widget elementor-widget-heading\" data-id=\"6d0fa2f\" data-element_type=\"widget\" data-widget_type=\"heading.default\">\n\t\t\t\t<div class=\"elementor-widget-container\">\n\t\t\t\t\t<h2 class=\"elementor-heading-title elementor-size-default\">Soluciones Integrales para la Construcci\u00f3n<\/h2>\t\t\t\t<\/div>\n\t\t\t\t<\/div>\n\t\t\t\t<\/div>\n\t\t<div class=\"elementor-element elementor-element-94be100 e-con-full e-flex e-con e-child\" data-id=\"94be100\" data-element_type=\"container\">\n\t\t\t\t<\/div>\n\t\t\t\t\t<\/div>\n\t\t\t\t<\/div>\n\t\t\t\t<\/div>\n\t\t<div class=\"elementor-element elementor-element-60444a7 e-con-full e-flex e-con e-parent\" data-id=\"60444a7\" data-element_type=\"container\">\n\t\t<div class=\"elementor-element elementor-element-11b8ab7 e-flex e-con-boxed e-con e-child\" data-id=\"11b8ab7\" data-element_type=\"container\">\n\t\t\t\t\t<div class=\"e-con-inner\">\n\t\t<div class=\"elementor-element elementor-element-2908a9f e-con-full e-flex e-con e-child\" data-id=\"2908a9f\" data-element_type=\"container\">\n\t\t\t\t<div class=\"elementor-element elementor-element-2dc6b20 elementor-widget elementor-widget-heading\" data-id=\"2dc6b20\" data-element_type=\"widget\" data-widget_type=\"heading.default\">\n\t\t\t\t<div class=\"elementor-widget-container\">\n\t\t\t\t\t<h2 class=\"elementor-heading-title elementor-size-default\">Servicios de Ingenir\u00eda en Construcci\u00f3n<\/h2>\t\t\t\t<\/div>\n\t\t\t\t<\/div>\n\t\t\t\t<div class=\"elementor-element elementor-element-052d850 elementor-widget elementor-widget-text-editor\" data-id=\"052d850\" data-element_type=\"widget\" data-widget_type=\"text-editor.default\">\n\t\t\t\t<div class=\"elementor-widget-container\">\n\t\t\t\t\t\t\t\t\tVipret S.A. cuenta con un servicio de ingenier\u00eda para el desarrollo de proyectos, lo que nos permite realizar trabajos especiales basados en estudios ajustados a las necesidades de nuestros clientes.\t\t\t\t\t\t\t\t<\/div>\n\t\t\t\t<\/div>\n\t\t\t\t<div class=\"elementor-element elementor-element-7f49378 elementor-widget elementor-widget-text-editor\" data-id=\"7f49378\" data-element_type=\"widget\" data-widget_type=\"text-editor.default\">\n\t\t\t\t<div class=\"elementor-widget-container\">\n\t\t\t\t\t\t\t\t\t<p>Ll\u00e1manos o cont\u00e1ctanos a trav\u00e9s de nuestro formulario de contacto, siempre estaremos dispuestos a atender todas tus consultas.<\/p>\t\t\t\t\t\t\t\t<\/div>\n\t\t\t\t<\/div>\n\t\t\t\t<\/div>\n\t\t<div class=\"elementor-element elementor-element-7317de6 e-con-full e-flex e-con e-child\" data-id=\"7317de6\" data-element_type=\"container\">\n\t\t\t\t<div class=\"elementor-element elementor-element-3fc7506 elementor-hidden-desktop elementor-hidden-tablet elementor-widget elementor-widget-heading\" data-id=\"3fc7506\" data-element_type=\"widget\" data-widget_type=\"heading.default\">\n\t\t\t\t<div class=\"elementor-widget-container\">\n\t\t\t\t\t<h3 class=\"elementor-heading-title elementor-size-default\">Cotiza Aqu\u00ed<\/h3>\t\t\t\t<\/div>\n\t\t\t\t<\/div>\n\t\t\t\t<div class=\"elementor-element elementor-element-dfb9235 elementor-hidden-mobile elementor-widget elementor-widget-heading\" data-id=\"dfb9235\" data-element_type=\"widget\" data-widget_type=\"heading.default\">\n\t\t\t\t<div class=\"elementor-widget-container\">\n\t\t\t\t\t<h3 class=\"elementor-heading-title elementor-size-default\">Cont\u00e1ctanos<\/h3>\t\t\t\t<\/div>\n\t\t\t\t<\/div>\n\t\t\t\t<div class=\"elementor-element elementor-element-94b3c9e elementor-hidden-mobile elementor-widget elementor-widget-text-editor\" data-id=\"94b3c9e\" data-element_type=\"widget\" data-widget_type=\"text-editor.default\">\n\t\t\t\t<div class=\"elementor-widget-container\">\n\t\t\t\t\t\t\t\t\tSolicita una cotizaci\u00f3n a trav\u00e9s de nuestro formulario online, completa el formulario y nos pondremos en contacto con usted.\t\t\t\t\t\t\t\t<\/div>\n\t\t\t\t<\/div>\n\t\t\t\t<div class=\"elementor-element elementor-element-ff8ed61 content_form form_vertical elementor-widget elementor-widget-shortcode\" data-id=\"ff8ed61\" data-element_type=\"widget\" data-widget_type=\"shortcode.default\">\n\t\t\t\t<div class=\"elementor-widget-container\">\n\t\t\t\t\t\t\t<div class=\"elementor-shortcode\">\n<div class=\"wpcf7 no-js\" id=\"wpcf7-f13-o1\" lang=\"es-ES\" dir=\"ltr\" data-wpcf7-id=\"13\">\n<div class=\"screen-reader-response\"><p role=\"status\" aria-live=\"polite\" aria-atomic=\"true\"><\/p> <ul><\/ul><\/div>\n<form action=\"\/web\/wp-json\/wp\/v2\/pages\/282#wpcf7-f13-o1\" method=\"post\" class=\"wpcf7-form init\" aria-label=\"Formulario de contacto\" novalidate=\"novalidate\" data-status=\"init\">\n<fieldset class=\"hidden-fields-container\"><input type=\"hidden\" name=\"_wpcf7\" value=\"13\" \/><input type=\"hidden\" name=\"_wpcf7_version\" value=\"6.1.2\" \/><input type=\"hidden\" name=\"_wpcf7_locale\" value=\"es_ES\" \/><input type=\"hidden\" name=\"_wpcf7_unit_tag\" value=\"wpcf7-f13-o1\" \/><input type=\"hidden\" name=\"_wpcf7_container_post\" value=\"0\" \/><input type=\"hidden\" name=\"_wpcf7_posted_data_hash\" value=\"\" \/><input type=\"hidden\" name=\"_wpcf7_recaptcha_response\" value=\"\" \/>\n<\/fieldset>\n<div class=\"flex_form\">\n\t<div class=\"flex_column\">\n\t\t<p><label> Nombre<br \/>\n<span class=\"wpcf7-form-control-wrap\" data-name=\"your-name\"><input size=\"40\" maxlength=\"400\" class=\"wpcf7-form-control wpcf7-text wpcf7-validates-as-required\" autocomplete=\"name\" aria-required=\"true\" aria-invalid=\"false\" value=\"\" type=\"text\" name=\"your-name\" \/><\/span> <\/label>\n\t\t<\/p>\n\t<\/div>\n\t<div class=\"flex_column\">\n\t\t<p><label> Empresa (opcional)<br \/>\n<span class=\"wpcf7-form-control-wrap\" data-name=\"empresa\"><input size=\"40\" maxlength=\"400\" class=\"wpcf7-form-control wpcf7-text\" aria-invalid=\"false\" value=\"\" type=\"text\" name=\"empresa\" \/><\/span> <\/label>\n\t\t<\/p>\n\t<\/div>\n\t<div class=\"flex_column\">\n\t\t<p><label> Tu correo electr\u00f3nico<br \/>\n<span class=\"wpcf7-form-control-wrap\" data-name=\"your-email\"><input size=\"40\" maxlength=\"400\" class=\"wpcf7-form-control wpcf7-email wpcf7-validates-as-required wpcf7-text wpcf7-validates-as-email\" autocomplete=\"email\" aria-required=\"true\" aria-invalid=\"false\" value=\"\" type=\"email\" name=\"your-email\" \/><\/span> <\/label>\n\t\t<\/p>\n\t<\/div>\n\t<div class=\"flex_column\">\n\t\t<p><label> Tel\u00e9fono<br \/>\n<span class=\"wpcf7-form-control-wrap\" data-name=\"telefono\"><input size=\"40\" maxlength=\"400\" class=\"wpcf7-form-control wpcf7-tel wpcf7-validates-as-required wpcf7-text wpcf7-validates-as-tel\" aria-required=\"true\" aria-invalid=\"false\" value=\"\" type=\"tel\" name=\"telefono\" \/><\/span> <\/label>\n\t\t<\/p>\n\t<\/div>\n\t<div class=\"flex_column\">\n\t\t<p><label> Mensaje (opcional)<br \/>\n<span class=\"wpcf7-form-control-wrap\" data-name=\"your-message\"><textarea cols=\"40\" rows=\"10\" maxlength=\"2000\" class=\"wpcf7-form-control wpcf7-textarea\" aria-invalid=\"false\" name=\"your-message\"><\/textarea><\/span> <\/label>\n\t\t<\/p>\n\t<\/div>\n\t<div class=\"flex_column\">\n\t\t<p><input class=\"wpcf7-form-control wpcf7-submit has-spinner btn btnVipret\" type=\"submit\" value=\"Cotizar\" \/>\n\t\t<\/p>\n\t<\/div>\n<\/div><div class=\"wpcf7-response-output\" aria-hidden=\"true\"><\/div>\n<\/form>\n<\/div>\n<\/div>\n\t\t\t\t\t\t<\/div>\n\t\t\t\t<\/div>\n\t\t\t\t<\/div>\n\t\t\t\t\t<\/div>\n\t\t\t\t<\/div>\n\t\t\t\t<\/div>\n\t\t\t\t<\/div>\n\t\t","protected":false},"excerpt":{"rendered":"<p>Servicios de Ingenier\u00eda Soluciones Integrales para la Construcci\u00f3n Servicios de Ingenir\u00eda en Construcci\u00f3n Vipret S.A. cuenta con un servicio de ingenier\u00eda para el desarrollo de proyectos, lo que nos permite realizar trabajos especiales basados en estudios ajustados a las necesidades de nuestros clientes. Ll\u00e1manos o cont\u00e1ctanos a trav\u00e9s de nuestro formulario de contacto, siempre estaremos [&hellip;]<\/p>\n","protected":false},"author":1,"featured_media":0,"parent":171,"menu_order":0,"comment_status":"closed","ping_status":"closed","template":"page-transition.php","meta":{"footnotes":""},"class_list":["post-282","page","type-page","status-publish","hentry"],"yoast_head":"<!-- This site is optimized with the Yoast SEO plugin v26.2 - https:\/\/yoast.com\/wordpress\/plugins\/seo\/ -->\n<title>Servicios de Ingenier\u00eda - Prefabricados de Hormig\u00f3n - VIPRET SpA<\/title>\n<meta name=\"robots\" content=\"index, follow, max-snippet:-1, max-image-preview:large, max-video-preview:-1\" \/>\n<link rel=\"canonical\" href=\"https:\/\/www.vipret.cl\/web\/servicios\/servicios-de-ingenieria\/\" \/>\n<meta property=\"og:locale\" content=\"es_ES\" \/>\n<meta property=\"og:type\" content=\"article\" \/>\n<meta property=\"og:title\" content=\"Servicios de Ingenier\u00eda - Prefabricados de Hormig\u00f3n - VIPRET SpA\" \/>\n<meta property=\"og:description\" content=\"Servicios de Ingenier\u00eda Soluciones Integrales para la Construcci\u00f3n Servicios de Ingenir\u00eda en Construcci\u00f3n Vipret S.A. cuenta con un servicio de ingenier\u00eda para el desarrollo de proyectos, lo que nos permite realizar trabajos especiales basados en estudios ajustados a las necesidades de nuestros clientes. Ll\u00e1manos o cont\u00e1ctanos a trav\u00e9s de nuestro formulario de contacto, siempre estaremos [&hellip;]\" \/>\n<meta property=\"og:url\" content=\"https:\/\/www.vipret.cl\/web\/servicios\/servicios-de-ingenieria\/\" \/>\n<meta property=\"og:site_name\" content=\"Prefabricados de Hormig\u00f3n - VIPRET SpA\" \/>\n<meta property=\"article:modified_time\" content=\"2024-11-20T17:04:57+00:00\" \/>\n<meta property=\"og:image\" content=\"https:\/\/www.vipret.cl\/web\/wp-content\/uploads\/2024\/11\/vipret-iso.png\" \/>\n\t<meta property=\"og:image:width\" content=\"120\" \/>\n\t<meta property=\"og:image:height\" content=\"120\" \/>\n\t<meta property=\"og:image:type\" content=\"image\/png\" \/>\n<meta name=\"twitter:card\" content=\"summary_large_image\" \/>\n<meta name=\"twitter:label1\" content=\"Tiempo de lectura\" \/>\n\t<meta name=\"twitter:data1\" content=\"1 minuto\" \/>\n<script type=\"application\/ld+json\" class=\"yoast-schema-graph\">{\"@context\":\"https:\/\/schema.org\",\"@graph\":[{\"@type\":\"WebPage\",\"@id\":\"https:\/\/www.vipret.cl\/web\/servicios\/servicios-de-ingenieria\/\",\"url\":\"https:\/\/www.vipret.cl\/web\/servicios\/servicios-de-ingenieria\/\",\"name\":\"Servicios de Ingenier\u00eda - Prefabricados de Hormig\u00f3n - VIPRET SpA\",\"isPartOf\":{\"@id\":\"https:\/\/www.vipret.cl\/web\/#website\"},\"datePublished\":\"2024-09-25T00:14:30+00:00\",\"dateModified\":\"2024-11-20T17:04:57+00:00\",\"breadcrumb\":{\"@id\":\"https:\/\/www.vipret.cl\/web\/servicios\/servicios-de-ingenieria\/#breadcrumb\"},\"inLanguage\":\"es\",\"potentialAction\":[{\"@type\":\"ReadAction\",\"target\":[\"https:\/\/www.vipret.cl\/web\/servicios\/servicios-de-ingenieria\/\"]}]},{\"@type\":\"BreadcrumbList\",\"@id\":\"https:\/\/www.vipret.cl\/web\/servicios\/servicios-de-ingenieria\/#breadcrumb\",\"itemListElement\":[{\"@type\":\"ListItem\",\"position\":1,\"name\":\"Portada\",\"item\":\"https:\/\/www.vipret.cl\/web\/\"},{\"@type\":\"ListItem\",\"position\":2,\"name\":\"Servicios\",\"item\":\"https:\/\/www.vipret.cl\/web\/servicios\/\"},{\"@type\":\"ListItem\",\"position\":3,\"name\":\"Servicios de Ingenier\u00eda\"}]},{\"@type\":\"WebSite\",\"@id\":\"https:\/\/www.vipret.cl\/web\/#website\",\"url\":\"https:\/\/www.vipret.cl\/web\/\",\"name\":\"Prefabricados de Hormig\u00f3n - VIPRET SpA\",\"description\":\"C\u00e1maras El\u00e9ctricas y para Telecomunicaciones\",\"publisher\":{\"@id\":\"https:\/\/www.vipret.cl\/web\/#organization\"},\"potentialAction\":[{\"@type\":\"SearchAction\",\"target\":{\"@type\":\"EntryPoint\",\"urlTemplate\":\"https:\/\/www.vipret.cl\/web\/?s={search_term_string}\"},\"query-input\":{\"@type\":\"PropertyValueSpecification\",\"valueRequired\":true,\"valueName\":\"search_term_string\"}}],\"inLanguage\":\"es\"},{\"@type\":\"Organization\",\"@id\":\"https:\/\/www.vipret.cl\/web\/#organization\",\"name\":\"Prefabricados de Hormig\u00f3n - VIPRET SpA\",\"url\":\"https:\/\/www.vipret.cl\/web\/\",\"logo\":{\"@type\":\"ImageObject\",\"inLanguage\":\"es\",\"@id\":\"https:\/\/www.vipret.cl\/web\/#\/schema\/logo\/image\/\",\"url\":\"https:\/\/www.vipret.cl\/web\/wp-content\/uploads\/2024\/11\/logo-vipret-new.png\",\"contentUrl\":\"https:\/\/www.vipret.cl\/web\/wp-content\/uploads\/2024\/11\/logo-vipret-new.png\",\"width\":411,\"height\":105,\"caption\":\"Prefabricados de Hormig\u00f3n - VIPRET SpA\"},\"image\":{\"@id\":\"https:\/\/www.vipret.cl\/web\/#\/schema\/logo\/image\/\"}}]}<\/script>\n<!-- \/ Yoast SEO plugin. -->","yoast_head_json":{"title":"Servicios de Ingenier\u00eda - Prefabricados de Hormig\u00f3n - VIPRET SpA","robots":{"index":"index","follow":"follow","max-snippet":"max-snippet:-1","max-image-preview":"max-image-preview:large","max-video-preview":"max-video-preview:-1"},"canonical":"https:\/\/www.vipret.cl\/web\/servicios\/servicios-de-ingenieria\/","og_locale":"es_ES","og_type":"article","og_title":"Servicios de Ingenier\u00eda - Prefabricados de Hormig\u00f3n - VIPRET SpA","og_description":"Servicios de Ingenier\u00eda Soluciones Integrales para la Construcci\u00f3n Servicios de Ingenir\u00eda en Construcci\u00f3n Vipret S.A. cuenta con un servicio de ingenier\u00eda para el desarrollo de proyectos, lo que nos permite realizar trabajos especiales basados en estudios ajustados a las necesidades de nuestros clientes. Ll\u00e1manos o cont\u00e1ctanos a trav\u00e9s de nuestro formulario de contacto, siempre estaremos [&hellip;]","og_url":"https:\/\/www.vipret.cl\/web\/servicios\/servicios-de-ingenieria\/","og_site_name":"Prefabricados de Hormig\u00f3n - VIPRET SpA","article_modified_time":"2024-11-20T17:04:57+00:00","og_image":[{"width":120,"height":120,"url":"https:\/\/www.vipret.cl\/web\/wp-content\/uploads\/2024\/11\/vipret-iso.png","type":"image\/png"}],"twitter_card":"summary_large_image","twitter_misc":{"Tiempo de lectura":"1 minuto"},"schema":{"@context":"https:\/\/schema.org","@graph":[{"@type":"WebPage","@id":"https:\/\/www.vipret.cl\/web\/servicios\/servicios-de-ingenieria\/","url":"https:\/\/www.vipret.cl\/web\/servicios\/servicios-de-ingenieria\/","name":"Servicios de Ingenier\u00eda - Prefabricados de Hormig\u00f3n - VIPRET SpA","isPartOf":{"@id":"https:\/\/www.vipret.cl\/web\/#website"},"datePublished":"2024-09-25T00:14:30+00:00","dateModified":"2024-11-20T17:04:57+00:00","breadcrumb":{"@id":"https:\/\/www.vipret.cl\/web\/servicios\/servicios-de-ingenieria\/#breadcrumb"},"inLanguage":"es","potentialAction":[{"@type":"ReadAction","target":["https:\/\/www.vipret.cl\/web\/servicios\/servicios-de-ingenieria\/"]}]},{"@type":"BreadcrumbList","@id":"https:\/\/www.vipret.cl\/web\/servicios\/servicios-de-ingenieria\/#breadcrumb","itemListElement":[{"@type":"ListItem","position":1,"name":"Portada","item":"https:\/\/www.vipret.cl\/web\/"},{"@type":"ListItem","position":2,"name":"Servicios","item":"https:\/\/www.vipret.cl\/web\/servicios\/"},{"@type":"ListItem","position":3,"name":"Servicios de Ingenier\u00eda"}]},{"@type":"WebSite","@id":"https:\/\/www.vipret.cl\/web\/#website","url":"https:\/\/www.vipret.cl\/web\/","name":"Prefabricados de Hormig\u00f3n - VIPRET SpA","description":"C\u00e1maras El\u00e9ctricas y para Telecomunicaciones","publisher":{"@id":"https:\/\/www.vipret.cl\/web\/#organization"},"potentialAction":[{"@type":"SearchAction","target":{"@type":"EntryPoint","urlTemplate":"https:\/\/www.vipret.cl\/web\/?s={search_term_string}"},"query-input":{"@type":"PropertyValueSpecification","valueRequired":true,"valueName":"search_term_string"}}],"inLanguage":"es"},{"@type":"Organization","@id":"https:\/\/www.vipret.cl\/web\/#organization","name":"Prefabricados de Hormig\u00f3n - VIPRET SpA","url":"https:\/\/www.vipret.cl\/web\/","logo":{"@type":"ImageObject","inLanguage":"es","@id":"https:\/\/www.vipret.cl\/web\/#\/schema\/logo\/image\/","url":"https:\/\/www.vipret.cl\/web\/wp-content\/uploads\/2024\/11\/logo-vipret-new.png","contentUrl":"https:\/\/www.vipret.cl\/web\/wp-content\/uploads\/2024\/11\/logo-vipret-new.png","width":411,"height":105,"caption":"Prefabricados de Hormig\u00f3n - VIPRET SpA"},"image":{"@id":"https:\/\/www.vipret.cl\/web\/#\/schema\/logo\/image\/"}}]}},"_links":{"self":[{"href":"https:\/\/www.vipret.cl\/web\/wp-json\/wp\/v2\/pages\/282","targetHints":{"allow":["GET"]}}],"collection":[{"href":"https:\/\/www.vipret.cl\/web\/wp-json\/wp\/v2\/pages"}],"about":[{"href":"https:\/\/www.vipret.cl\/web\/wp-json\/wp\/v2\/types\/page"}],"author":[{"embeddable":true,"href":"https:\/\/www.vipret.cl\/web\/wp-json\/wp\/v2\/users\/1"}],"replies":[{"embeddable":true,"href":"https:\/\/www.vipret.cl\/web\/wp-json\/wp\/v2\/comments?post=282"}],"version-history":[{"count":13,"href":"https:\/\/www.vipret.cl\/web\/wp-json\/wp\/v2\/pages\/282\/revisions"}],"predecessor-version":[{"id":376,"href":"https:\/\/www.vipret.cl\/web\/wp-json\/wp\/v2\/pages\/282\/revisions\/376"}],"up":[{"embeddable":true,"href":"https:\/\/www.vipret.cl\/web\/wp-json\/wp\/v2\/pages\/171"}],"wp:attachment":[{"href":"https:\/\/www.vipret.cl\/web\/wp-json\/wp\/v2\/media?parent=282"}],"curies":[{"name":"wp","href":"https:\/\/api.w.org\/{rel}","templated":true}]}}